{"id":30,"date":"2024-03-31T00:19:29","date_gmt":"2024-03-30T23:19:29","guid":{"rendered":"https:\/\/www.the-hunt-larp.be\/?page_id=30"},"modified":"2024-03-31T01:40:16","modified_gmt":"2024-03-31T00:40:16","slug":"inscriptions","status":"publish","type":"page","link":"https:\/\/www.the-hunt-larp.be\/?page_id=30","title":{"rendered":"INSCRIPTIONS"},"content":{"rendered":"\n<div class=\"wp-block-cover alignfull is-light\" style=\"margin-top:0;padding-top:6vw;padding-right:6vw;padding-bottom:6vw;padding-left:6vw\"><span aria-hidden=\"true\" class=\"wp-block-cover__background has-luminous-vivid-orange-background-color has-background-dim\"><\/span><div class=\"wp-block-cover__inner-container is-layout-flow wp-block-cover-is-layout-flow\">\n<div class=\"wp-block-group is-content-justification-center is-layout-flex wp-container-core-group-is-layout-3 wp-block-group-is-layout-flex\">\n<div class=\"wp-block-group alignwide wp-container-content-1 is-content-justification-left\"><div class=\"wp-block-group__inner-container is-layout-constrained wp-container-core-group-is-layout-1 wp-block-group-is-layout-constrained\">\n<h2 class=\"wp-block-heading alignwide has-text-align-left has-contrast-color has-text-color\" style=\"font-size:71px;font-style:normal;font-weight:800;line-height:0.9;text-transform:none\">Lancez-vous dans l&rsquo;aventure de Neotopia<\/h2>\n\n\n\n<div style=\"height:24px\" aria-hidden=\"true\" class=\"wp-block-spacer\"><\/div>\n\n\n\n<p class=\"has-text-align-left has-contrast-color has-text-color\">Rejoignez l&rsquo;aventure et explorez l&rsquo;univers de Neotopia, que vous soyez tribu, coach, journaliste, politicien, ou simple membre de notre grande cit\u00e9, venez d\u00e9couvrir sa vie fourmillante durant son moment le plus fort de l&rsquo;ann\u00e9e: les jeux!<\/p>\n\n\n\n<div class=\"wp-block-buttons is-content-justification-center is-nowrap is-layout-flex wp-container-core-buttons-is-layout-1 wp-block-buttons-is-layout-flex\">\n<div class=\"wp-block-button has-custom-width wp-block-button__width-100 has-custom-font-size is-style-fill\" style=\"font-size:16px;font-style:normal;font-weight:500;letter-spacing:0px;text-transform:uppercase\"><a class=\"wp-block-button__link has-base-color has-contrast-background-color has-text-color has-background wp-element-button\" href=\"https:\/\/www.billetweb.fr\/the-hunt-1er-opus\" style=\"border-radius:0px;padding-top:24px;padding-right:48px;padding-bottom:24px;padding-left:48px\" target=\"_blank\" rel=\"noreferrer noopener\">Je prend ma place d\u00e9s maintenant! <\/a><\/div>\n\n\n\n<div class=\"wp-block-button has-custom-width wp-block-button__width-100 has-custom-font-size is-style-fill\" style=\"font-size:16px;font-style:normal;font-weight:500;letter-spacing:0px;text-transform:uppercase\"><a class=\"wp-block-button__link has-base-color has-contrast-background-color has-text-color has-background wp-element-button\" href=\"https:\/\/forms.gle\/U89HkCbPf62g7EBy5\" style=\"border-radius:0px;padding-top:24px;padding-right:48px;padding-bottom:24px;padding-left:48px\" target=\"_blank\" rel=\"noreferrer noopener\">Je REMPLIS LE QUESTIONNAIRE<\/a><\/div>\n<\/div>\n<\/div><\/div>\n\n\n\n<div class=\"wp-block-group is-content-justification-right is-nowrap is-layout-flex wp-container-core-group-is-layout-2 wp-block-group-is-layout-flex\">\n<figure class=\"wp-block-image size-large wp-duotone-unset-2 wp-container-content-3\"><img decoding=\"async\" src=\"https:\/\/i.pinimg.com\/originals\/a1\/c2\/d1\/a1c2d14f596edb0ff591615cfc332113.jpg\" alt=\"\"\/><\/figure>\n\n\n\n<figure class=\"wp-block-image size-large is-resized wp-duotone-unset-4 wp-container-content-5\"><img decoding=\"async\" src=\"https:\/\/i.pinimg.com\/originals\/1e\/e1\/55\/1ee155d0204dbd692e8ccbdedea2de59.jpg\" alt=\"\" style=\"width:335px;height:auto\"\/><\/figure>\n<\/div>\n<\/div>\n<\/div><\/div>\n","protected":false},"excerpt":{"rendered":"","protected":false},"author":1,"featured_media":0,"parent":0,"menu_order":0,"comment_status":"closed","ping_status":"closed","template":"","meta":{"editor_plus_copied_stylings":"{}","footnotes":""},"featured_image_urls":{"full":"","thumbnail":"","medium":"","medium_large":"","large":"","1536x1536":"","2048x2048":""},"post_excerpt_stackable":"<p>Lancez-vous dans l&rsquo;aventure de Neotopia Rejoignez l&rsquo;aventure et explorez l&rsquo;univers de Neotopia, que vous soyez tribu, coach, journaliste, politicien, ou simple membre de notre grande cit\u00e9, venez d\u00e9couvrir sa vie fourmillante durant son moment le plus fort de l&rsquo;ann\u00e9e: les jeux! Je prend ma place d\u00e9s maintenant! Je REMPLIS LE QUESTIONNAIRE<\/p>\n","category_list":"","author_info":{"name":"Admin","url":"https:\/\/www.the-hunt-larp.be\/?author=1"},"comments_num":"0 comments","_links":{"self":[{"href":"https:\/\/www.the-hunt-larp.be\/index.php?rest_route=\/wp\/v2\/pages\/30"}],"collection":[{"href":"https:\/\/www.the-hunt-larp.be\/index.php?rest_route=\/wp\/v2\/pages"}],"about":[{"href":"https:\/\/www.the-hunt-larp.be\/index.php?rest_route=\/wp\/v2\/types\/page"}],"author":[{"embeddable":true,"href":"https:\/\/www.the-hunt-larp.be\/index.php?rest_route=\/wp\/v2\/users\/1"}],"replies":[{"embeddable":true,"href":"https:\/\/www.the-hunt-larp.be\/index.php?rest_route=%2Fwp%2Fv2%2Fcomments&post=30"}],"version-history":[{"count":7,"href":"https:\/\/www.the-hunt-larp.be\/index.php?rest_route=\/wp\/v2\/pages\/30\/revisions"}],"predecessor-version":[{"id":92,"href":"https:\/\/www.the-hunt-larp.be\/index.php?rest_route=\/wp\/v2\/pages\/30\/revisions\/92"}],"wp:attachment":[{"href":"https:\/\/www.the-hunt-larp.be\/index.php?rest_route=%2Fwp%2Fv2%2Fmedia&parent=30"}],"curies":[{"name":"wp","href":"https:\/\/api.w.org\/{rel}","templated":true}]}}