{"id":31,"date":"2024-03-31T00:19:29","date_gmt":"2024-03-30T23:19:29","guid":{"rendered":"https:\/\/www.the-hunt-larp.be\/?page_id=31"},"modified":"2024-06-12T12:01:24","modified_gmt":"2024-06-12T10:01:24","slug":"documents","status":"publish","type":"page","link":"https:\/\/www.the-hunt-larp.be\/?page_id=31","title":{"rendered":"DOCUMENTS"},"content":{"rendered":"\n<p class=\" eplus-wrapper\"><\/p>\n\n\n\n<div class=\"wp-block-stackable-image stk-block-image stk-block stk-21116fb\" data-block-id=\"21116fb\"><style>.stk-21116fb{margin-bottom:0px !important}.stk-21116fb .stk-img-wrapper{height:200px !important}<\/style><figure><span class=\"stk-img-wrapper stk-image--shape-stretch\"><img loading=\"lazy\" decoding=\"async\" class=\"stk-img\" src=\"https:\/\/cdna.artstation.com\/p\/assets\/images\/images\/006\/178\/352\/large\/derek-jones-data-disk-archive.jpg?1496609761\" width=\"150\" height=\"200\"\/><\/span><\/figure><\/div>\n\n\n\n<div class=\" wp-block-group alignfull has-base-background-color has-background eplus-wrapper\" style=\"padding-top:64px;padding-right:20px;padding-bottom:64px;padding-left:20px\"><div class=\"wp-block-group__inner-container is-layout-constrained wp-container-core-group-is-layout-10 wp-block-group-is-layout-constrained\"><div class=\" wp-block-columns eplus-wrapper is-layout-flex wp-container-core-columns-is-layout-1 wp-block-columns-is-layout-flex eplus-styles-uid-c21207\">\n<div class=\" wp-block-column eplus-wrapper is-layout-flow wp-block-column-is-layout-flow\">\n<h2 class=\" wp-block-heading eplus-wrapper\" style=\"font-size:16px;font-style:normal;font-weight:600\">Information TO<\/h2>\n\n\n\n<div class=\" wp-block-group eplus-wrapper is-vertical is-layout-flex wp-container-core-group-is-layout-3 wp-block-group-is-layout-flex\">\n<div class=\" wp-block-group eplus-wrapper is-content-justification-left is-nowrap is-layout-flex wp-container-core-group-is-layout-1 wp-block-group-is-layout-flex\">\n<div class=\"wp-block-stackable-icon stk-block-icon stk-block stk-3d982ba\" data-block-id=\"3d982ba\"><style>.stk-3d982ba{top:13px !important}.stk-3d982ba .stk--svg-wrapper .stk--inner-svg svg:last-child{height:25px !important;width:25px !important}.stk-3d982ba .stk--svg-wrapper .stk--inner-svg svg:last-child,.stk-3d982ba .stk--svg-wrapper .stk--inner-svg svg:last-child :is(g,path,rect,polygon,ellipse){fill:#fcb900 !important}.stk-3d982ba .stk--svg-wrapper .stk--inner-svg{border-radius:0% !important;padding:0px !important}<\/style><a class=\"stk-link\" href=\"https:\/\/drive.google.com\/file\/d\/1UAkespK4jM6VHOQtBDXzu3ClP0vkEwvF\/view?usp=drive_link\" target=\"_blank\" rel=\"noreferrer noopener\"><span class=\"stk--svg-wrapper\"><div class=\"stk--inner-svg\"><svg style=\"height:0;width:0\"><defs><lineargradient id=\"linear-gradient-3d982ba\" x1=\"0\" x2=\"100%\" y1=\"0\" y2=\"0\"><stop offset=\"0%\" style=\"stop-opacity:1;stop-color:var(--linear-gradient-3-d-982-ba-color-1)\"><\/stop><stop offset=\"100%\" style=\"stop-opacity:1;stop-color:var(--linear-gradient-3-d-982-ba-color-2)\"><\/stop><\/lineargradient><\/defs><\/svg><svg xmlns=\"http:\/\/www.w3.org\/2000\/svg\" viewbox=\"0 0 384 512\" aria-hidden=\"true\" width=\"32\" height=\"32\"><path d=\"M64 464c-8.8 0-16-7.2-16-16V64c0-8.8 7.2-16 16-16H224v80c0 17.7 14.3 32 32 32h80V448c0 8.8-7.2 16-16 16H64zM64 0C28.7 0 0 28.7 0 64V448c0 35.3 28.7 64 64 64H320c35.3 0 64-28.7 64-64V154.5c0-17-6.7-33.3-18.7-45.3L274.7 18.7C262.7 6.7 246.5 0 229.5 0H64zm56 256c-13.3 0-24 10.7-24 24s10.7 24 24 24H264c13.3 0 24-10.7 24-24s-10.7-24-24-24H120zm0 96c-13.3 0-24 10.7-24 24s10.7 24 24 24H264c13.3 0 24-10.7 24-24s-10.7-24-24-24H120z\"><\/path><\/svg><\/div><\/span><\/a><\/div>\n\n\n\n<p class=\" eplus-wrapper\"><a href=\"https:\/\/drive.google.com\/file\/d\/1UAkespK4jM6VHOQtBDXzu3ClP0vkEwvF\/view?usp=drive_link\" data-type=\"link\" data-id=\"https:\/\/drive.google.com\/file\/d\/1UAkespK4jM6VHOQtBDXzu3ClP0vkEwvF\/view?usp=drive_link\">Note d&rsquo;intention<\/a><\/p>\n<\/div>\n\n\n\n<div class=\" wp-block-group eplus-wrapper is-content-justification-left is-nowrap is-layout-flex wp-container-core-group-is-layout-2 wp-block-group-is-layout-flex\">\n<div class=\"wp-block-stackable-icon stk-block-icon stk-block stk-147ae85\" data-block-id=\"147ae85\"><style>.stk-147ae85{top:13px !important}.stk-147ae85 .stk--svg-wrapper .stk--inner-svg svg:last-child{height:25px !important;width:25px !important}.stk-147ae85 .stk--svg-wrapper .stk--inner-svg svg:last-child,.stk-147ae85 .stk--svg-wrapper .stk--inner-svg svg:last-child :is(g,path,rect,polygon,ellipse){fill:#fcb900 !important}.stk-147ae85 .stk--svg-wrapper .stk--inner-svg{border-radius:0% !important;padding:0px !important}<\/style><a class=\"stk-link\" href=\"https:\/\/drive.google.com\/file\/d\/17vLarMxmLXUBgH9djq9V9V9t48ByJ8tb\/view?usp=drive_link\" target=\"_blank\" rel=\"noreferrer noopener\"><span class=\"stk--svg-wrapper\"><div class=\"stk--inner-svg\"><svg style=\"height:0;width:0\"><defs><lineargradient id=\"linear-gradient-147ae85\" x1=\"0\" x2=\"100%\" y1=\"0\" y2=\"0\"><stop offset=\"0%\" style=\"stop-opacity:1;stop-color:var(--linear-gradient-147-ae-85-color-1)\"><\/stop><stop offset=\"100%\" style=\"stop-opacity:1;stop-color:var(--linear-gradient-147-ae-85-color-2)\"><\/stop><\/lineargradient><\/defs><\/svg><svg xmlns=\"http:\/\/www.w3.org\/2000\/svg\" viewbox=\"0 0 384 512\" aria-hidden=\"true\" width=\"32\" height=\"32\"><path d=\"M64 464c-8.8 0-16-7.2-16-16V64c0-8.8 7.2-16 16-16H224v80c0 17.7 14.3 32 32 32h80V448c0 8.8-7.2 16-16 16H64zM64 0C28.7 0 0 28.7 0 64V448c0 35.3 28.7 64 64 64H320c35.3 0 64-28.7 64-64V154.5c0-17-6.7-33.3-18.7-45.3L274.7 18.7C262.7 6.7 246.5 0 229.5 0H64zm56 256c-13.3 0-24 10.7-24 24s10.7 24 24 24H264c13.3 0 24-10.7 24-24s-10.7-24-24-24H120zm0 96c-13.3 0-24 10.7-24 24s10.7 24 24 24H264c13.3 0 24-10.7 24-24s-10.7-24-24-24H120z\"><\/path><\/svg><\/div><\/span><\/a><\/div>\n\n\n\n<p class=\" eplus-wrapper\"><a href=\"https:\/\/drive.google.com\/file\/d\/1UAkespK4jM6VHOQtBDXzu3ClP0vkEwvF\/view?usp=drive_link\" data-type=\"link\" data-id=\"https:\/\/drive.google.com\/file\/d\/1UAkespK4jM6VHOQtBDXzu3ClP0vkEwvF\/view?usp=drive_link\">Note d&rsquo;intention Univers<\/a><\/p>\n<\/div>\n<\/div>\n<\/div>\n\n\n\n<div class=\" wp-block-column eplus-wrapper is-layout-flow wp-block-column-is-layout-flow\">\n<h2 class=\" wp-block-heading eplus-wrapper\" style=\"font-size:16px;font-style:normal;font-weight:600\">Univers<\/h2>\n\n\n\n<div class=\" wp-block-group eplus-wrapper is-vertical is-layout-flex wp-container-core-group-is-layout-4 wp-block-group-is-layout-flex\"><\/div>\n<\/div>\n\n\n\n<div class=\" wp-block-column eplus-wrapper is-layout-flow wp-block-column-is-layout-flow\">\n<h2 class=\" wp-block-heading eplus-wrapper\" style=\"font-size:16px;font-style:normal;font-weight:600\">R\u00e8gles<\/h2>\n\n\n\n<div class=\" wp-block-group eplus-wrapper is-vertical is-layout-flex wp-container-core-group-is-layout-9 wp-block-group-is-layout-flex\">\n<div class=\" wp-block-group eplus-wrapper is-content-justification-left is-nowrap is-layout-flex wp-container-core-group-is-layout-5 wp-block-group-is-layout-flex\">\n<div class=\"wp-block-stackable-icon stk-block-icon stk-block stk-5d438a8\" data-block-id=\"5d438a8\"><style>.stk-5d438a8{top:13px !important}.stk-5d438a8 .stk--svg-wrapper .stk--inner-svg svg:last-child{height:25px !important;width:25px !important}.stk-5d438a8 .stk--svg-wrapper .stk--inner-svg svg:last-child,.stk-5d438a8 .stk--svg-wrapper .stk--inner-svg svg:last-child :is(g,path,rect,polygon,ellipse){fill:#fcb900 !important}.stk-5d438a8 .stk--svg-wrapper .stk--inner-svg{border-radius:0% !important;padding:0px !important}<\/style><a class=\"stk-link\" href=\"https:\/\/drive.google.com\/file\/d\/1UAkespK4jM6VHOQtBDXzu3ClP0vkEwvF\/view?usp=drive_link\" target=\"_blank\" rel=\"noreferrer noopener\"><span class=\"stk--svg-wrapper\"><div class=\"stk--inner-svg\"><svg style=\"height:0;width:0\"><defs><lineargradient id=\"linear-gradient-5d438a8\" x1=\"0\" x2=\"100%\" y1=\"0\" y2=\"0\"><stop offset=\"0%\" style=\"stop-opacity:1;stop-color:var(--linear-gradient-5-d-438-a-8-color-1)\"><\/stop><stop offset=\"100%\" style=\"stop-opacity:1;stop-color:var(--linear-gradient-5-d-438-a-8-color-2)\"><\/stop><\/lineargradient><\/defs><\/svg><svg xmlns=\"http:\/\/www.w3.org\/2000\/svg\" viewbox=\"0 0 384 512\" aria-hidden=\"true\" width=\"32\" height=\"32\"><path d=\"M64 464c-8.8 0-16-7.2-16-16V64c0-8.8 7.2-16 16-16H224v80c0 17.7 14.3 32 32 32h80V448c0 8.8-7.2 16-16 16H64zM64 0C28.7 0 0 28.7 0 64V448c0 35.3 28.7 64 64 64H320c35.3 0 64-28.7 64-64V154.5c0-17-6.7-33.3-18.7-45.3L274.7 18.7C262.7 6.7 246.5 0 229.5 0H64zm56 256c-13.3 0-24 10.7-24 24s10.7 24 24 24H264c13.3 0 24-10.7 24-24s-10.7-24-24-24H120zm0 96c-13.3 0-24 10.7-24 24s10.7 24 24 24H264c13.3 0 24-10.7 24-24s-10.7-24-24-24H120z\"><\/path><\/svg><\/div><\/span><\/a><\/div>\n\n\n\n<p class=\" eplus-wrapper\"><a href=\"https:\/\/drive.google.com\/file\/d\/1wNLTC5GzR7DNZVg2pIpripXzDvWTwHGo\/view?usp=sharing\" data-type=\"link\" data-id=\"https:\/\/drive.google.com\/file\/d\/1UAkespK4jM6VHOQtBDXzu3ClP0vkEwvF\/view?usp=drive_link\">R\u00e8gles sur la mort<\/a><\/p>\n<\/div>\n\n\n\n<div class=\" wp-block-group eplus-wrapper is-content-justification-left is-nowrap is-layout-flex wp-container-core-group-is-layout-6 wp-block-group-is-layout-flex\">\n<div class=\"wp-block-stackable-icon stk-block-icon stk-block stk-9106219\" data-block-id=\"9106219\"><style>.stk-9106219{top:13px !important}.stk-9106219 .stk--svg-wrapper .stk--inner-svg svg:last-child{height:25px !important;width:25px !important}.stk-9106219 .stk--svg-wrapper .stk--inner-svg svg:last-child,.stk-9106219 .stk--svg-wrapper .stk--inner-svg svg:last-child :is(g,path,rect,polygon,ellipse){fill:#fcb900 !important}.stk-9106219 .stk--svg-wrapper .stk--inner-svg{border-radius:0% !important;padding:0px !important}<\/style><a class=\"stk-link\" href=\"https:\/\/drive.google.com\/file\/d\/1UAkespK4jM6VHOQtBDXzu3ClP0vkEwvF\/view?usp=drive_link\" target=\"_blank\" rel=\"noreferrer noopener\"><span class=\"stk--svg-wrapper\"><div class=\"stk--inner-svg\"><svg style=\"height:0;width:0\"><defs><lineargradient id=\"linear-gradient-9106219\" x1=\"0\" x2=\"100%\" y1=\"0\" y2=\"0\"><stop offset=\"0%\" style=\"stop-opacity:1;stop-color:var(--linear-gradient-9106219-color-1)\"><\/stop><stop offset=\"100%\" style=\"stop-opacity:1;stop-color:var(--linear-gradient-9106219-color-2)\"><\/stop><\/lineargradient><\/defs><\/svg><svg xmlns=\"http:\/\/www.w3.org\/2000\/svg\" viewbox=\"0 0 384 512\" aria-hidden=\"true\" width=\"32\" height=\"32\"><path d=\"M64 464c-8.8 0-16-7.2-16-16V64c0-8.8 7.2-16 16-16H224v80c0 17.7 14.3 32 32 32h80V448c0 8.8-7.2 16-16 16H64zM64 0C28.7 0 0 28.7 0 64V448c0 35.3 28.7 64 64 64H320c35.3 0 64-28.7 64-64V154.5c0-17-6.7-33.3-18.7-45.3L274.7 18.7C262.7 6.7 246.5 0 229.5 0H64zm56 256c-13.3 0-24 10.7-24 24s10.7 24 24 24H264c13.3 0 24-10.7 24-24s-10.7-24-24-24H120zm0 96c-13.3 0-24 10.7-24 24s10.7 24 24 24H264c13.3 0 24-10.7 24-24s-10.7-24-24-24H120z\"><\/path><\/svg><\/div><\/span><\/a><\/div>\n\n\n\n<p class=\" eplus-wrapper\"><a href=\"https:\/\/drive.google.com\/file\/d\/1BykGRMV5ltFqFd-0ZTLoBmyLUuSAZpqe\/view?usp=drive_link\" data-type=\"link\" data-id=\"https:\/\/drive.google.com\/file\/d\/1UAkespK4jM6VHOQtBDXzu3ClP0vkEwvF\/view?usp=drive_link\">R\u00e8gles de combat<\/a><\/p>\n<\/div>\n\n\n\n<div class=\" wp-block-group eplus-wrapper is-content-justification-left is-nowrap is-layout-flex wp-container-core-group-is-layout-7 wp-block-group-is-layout-flex\">\n<div class=\"wp-block-stackable-icon stk-block-icon stk-block stk-ba48ac5\" data-block-id=\"ba48ac5\"><style>.stk-ba48ac5{top:13px !important}.stk-ba48ac5 .stk--svg-wrapper .stk--inner-svg svg:last-child{height:25px !important;width:25px !important}.stk-ba48ac5 .stk--svg-wrapper .stk--inner-svg svg:last-child,.stk-ba48ac5 .stk--svg-wrapper .stk--inner-svg svg:last-child :is(g,path,rect,polygon,ellipse){fill:#fcb900 !important}.stk-ba48ac5 .stk--svg-wrapper .stk--inner-svg{border-radius:0% !important;padding:0px !important}<\/style><a class=\"stk-link\" href=\"https:\/\/drive.google.com\/file\/d\/1UAkespK4jM6VHOQtBDXzu3ClP0vkEwvF\/view?usp=drive_link\" target=\"_blank\" rel=\"noreferrer noopener\"><span class=\"stk--svg-wrapper\"><div class=\"stk--inner-svg\"><svg style=\"height:0;width:0\"><defs><lineargradient id=\"linear-gradient-ba48ac5\" x1=\"0\" x2=\"100%\" y1=\"0\" y2=\"0\"><stop offset=\"0%\" style=\"stop-opacity:1;stop-color:var(--linear-gradient-ba-48-ac-5-color-1)\"><\/stop><stop offset=\"100%\" style=\"stop-opacity:1;stop-color:var(--linear-gradient-ba-48-ac-5-color-2)\"><\/stop><\/lineargradient><\/defs><\/svg><svg xmlns=\"http:\/\/www.w3.org\/2000\/svg\" viewbox=\"0 0 384 512\" aria-hidden=\"true\" width=\"32\" height=\"32\"><path d=\"M64 464c-8.8 0-16-7.2-16-16V64c0-8.8 7.2-16 16-16H224v80c0 17.7 14.3 32 32 32h80V448c0 8.8-7.2 16-16 16H64zM64 0C28.7 0 0 28.7 0 64V448c0 35.3 28.7 64 64 64H320c35.3 0 64-28.7 64-64V154.5c0-17-6.7-33.3-18.7-45.3L274.7 18.7C262.7 6.7 246.5 0 229.5 0H64zm56 256c-13.3 0-24 10.7-24 24s10.7 24 24 24H264c13.3 0 24-10.7 24-24s-10.7-24-24-24H120zm0 96c-13.3 0-24 10.7-24 24s10.7 24 24 24H264c13.3 0 24-10.7 24-24s-10.7-24-24-24H120z\"><\/path><\/svg><\/div><\/span><\/a><\/div>\n\n\n\n<p class=\" eplus-wrapper\"><a href=\"https:\/\/drive.google.com\/file\/d\/1wNLTC5GzR7DNZVg2pIpripXzDvWTwHGo\/view?usp=sharing\" data-type=\"link\" data-id=\"https:\/\/drive.google.com\/file\/d\/1UAkespK4jM6VHOQtBDXzu3ClP0vkEwvF\/view?usp=drive_link\">S\u00e9curit\u00e9 \u00e9motionelle<\/a><\/p>\n<\/div>\n\n\n\n<div class=\" wp-block-group eplus-wrapper is-content-justification-left is-nowrap is-layout-flex wp-container-core-group-is-layout-8 wp-block-group-is-layout-flex\">\n<div class=\"wp-block-stackable-icon stk-block-icon stk-block stk-5f27f3d\" data-block-id=\"5f27f3d\"><style>.stk-5f27f3d{top:13px !important}.stk-5f27f3d .stk--svg-wrapper .stk--inner-svg svg:last-child{height:25px !important;width:25px !important}.stk-5f27f3d .stk--svg-wrapper .stk--inner-svg svg:last-child,.stk-5f27f3d .stk--svg-wrapper .stk--inner-svg svg:last-child :is(g,path,rect,polygon,ellipse){fill:#fcb900 !important}.stk-5f27f3d .stk--svg-wrapper .stk--inner-svg{border-radius:0% !important;padding:0px !important}<\/style><a class=\"stk-link\" href=\"https:\/\/drive.google.com\/file\/d\/1UAkespK4jM6VHOQtBDXzu3ClP0vkEwvF\/view?usp=drive_link\" target=\"_blank\" rel=\"noreferrer noopener\"><span class=\"stk--svg-wrapper\"><div class=\"stk--inner-svg\"><svg style=\"height:0;width:0\"><defs><lineargradient id=\"linear-gradient-5f27f3d\" x1=\"0\" x2=\"100%\" y1=\"0\" y2=\"0\"><stop offset=\"0%\" style=\"stop-opacity:1;stop-color:var(--linear-gradient-5-f-27-f-3-d-color-1)\"><\/stop><stop offset=\"100%\" style=\"stop-opacity:1;stop-color:var(--linear-gradient-5-f-27-f-3-d-color-2)\"><\/stop><\/lineargradient><\/defs><\/svg><svg xmlns=\"http:\/\/www.w3.org\/2000\/svg\" viewbox=\"0 0 384 512\" aria-hidden=\"true\" width=\"32\" height=\"32\"><path d=\"M64 464c-8.8 0-16-7.2-16-16V64c0-8.8 7.2-16 16-16H224v80c0 17.7 14.3 32 32 32h80V448c0 8.8-7.2 16-16 16H64zM64 0C28.7 0 0 28.7 0 64V448c0 35.3 28.7 64 64 64H320c35.3 0 64-28.7 64-64V154.5c0-17-6.7-33.3-18.7-45.3L274.7 18.7C262.7 6.7 246.5 0 229.5 0H64zm56 256c-13.3 0-24 10.7-24 24s10.7 24 24 24H264c13.3 0 24-10.7 24-24s-10.7-24-24-24H120zm0 96c-13.3 0-24 10.7-24 24s10.7 24 24 24H264c13.3 0 24-10.7 24-24s-10.7-24-24-24H120z\"><\/path><\/svg><\/div><\/span><\/a><\/div>\n\n\n\n<p class=\" eplus-wrapper\"><a href=\"https:\/\/drive.google.com\/file\/d\/1sWwmA4qo_hepiURttXZYtXh_ldOdrekX\/view?usp=drive_link\" data-type=\"link\" data-id=\"https:\/\/drive.google.com\/file\/d\/1UAkespK4jM6VHOQtBDXzu3ClP0vkEwvF\/view?usp=drive_link\">D\u00e9roulement des jeux<\/a><\/p>\n<\/div>\n<\/div>\n<\/div>\n<\/div><\/div><\/div>\n","protected":false},"excerpt":{"rendered":"<p>Information TO Note d&rsquo;intention Note d&rsquo;intention Univers Univers R\u00e8gles R\u00e8gles sur la mort R\u00e8gles de combat S\u00e9curit\u00e9 \u00e9motionelle D\u00e9roulement des jeux<\/p>\n","protected":false},"author":1,"featured_media":0,"parent":0,"menu_order":0,"comment_status":"closed","ping_status":"closed","template":"","meta":{"editor_plus_copied_stylings":"{}","footnotes":""},"featured_image_urls":{"full":"","thumbnail":"","medium":"","medium_large":"","large":"","1536x1536":"","2048x2048":""},"post_excerpt_stackable":"<p>Information TO Note d&rsquo;intention Note d&rsquo;intention Univers Univers R\u00e8gles R\u00e8gles sur la mort R\u00e8gles de combat S\u00e9curit\u00e9 \u00e9motionelle D\u00e9roulement des jeux<\/p>\n","category_list":"","author_info":{"name":"Admin","url":"https:\/\/www.the-hunt-larp.be\/?author=1"},"comments_num":"0 comments","_links":{"self":[{"href":"https:\/\/www.the-hunt-larp.be\/index.php?rest_route=\/wp\/v2\/pages\/31"}],"collection":[{"href":"https:\/\/www.the-hunt-larp.be\/index.php?rest_route=\/wp\/v2\/pages"}],"about":[{"href":"https:\/\/www.the-hunt-larp.be\/index.php?rest_route=\/wp\/v2\/types\/page"}],"author":[{"embeddable":true,"href":"https:\/\/www.the-hunt-larp.be\/index.php?rest_route=\/wp\/v2\/users\/1"}],"replies":[{"embeddable":true,"href":"https:\/\/www.the-hunt-larp.be\/index.php?rest_route=%2Fwp%2Fv2%2Fcomments&post=31"}],"version-history":[{"count":9,"href":"https:\/\/www.the-hunt-larp.be\/index.php?rest_route=\/wp\/v2\/pages\/31\/revisions"}],"predecessor-version":[{"id":151,"href":"https:\/\/www.the-hunt-larp.be\/index.php?rest_route=\/wp\/v2\/pages\/31\/revisions\/151"}],"wp:attachment":[{"href":"https:\/\/www.the-hunt-larp.be\/index.php?rest_route=%2Fwp%2Fv2%2Fmedia&parent=31"}],"curies":[{"name":"wp","href":"https:\/\/api.w.org\/{rel}","templated":true}]}}