{"id":53,"date":"2024-03-31T00:26:58","date_gmt":"2024-03-30T23:26:58","guid":{"rendered":"https:\/\/www.the-hunt-larp.be\/?page_id=53"},"modified":"2024-03-31T01:44:34","modified_gmt":"2024-03-31T00:44:34","slug":"le-gn","status":"publish","type":"page","link":"https:\/\/www.the-hunt-larp.be\/?page_id=53","title":{"rendered":"LE GN"},"content":{"rendered":"\n<div class=\"wp-block-stackable-feature alignwide stk-block-feature stk-block stk-63a167d is-style-default\" data-v=\"2\" data-block-id=\"63a167d\"><div class=\"stk-content-align stk-63a167d-column alignwide stk-container stk-63a167d-container stk--no-background stk--no-padding\"><div class=\"stk-inner-blocks stk-block-content stk-row\">\n<div class=\"wp-block-stackable-column stk-block-column stk-column stk-block stk-c1263cf\" data-v=\"4\" data-block-id=\"c1263cf\"><style>.stk-c1263cf{align-self:center !important}<\/style><div class=\"stk-column-wrapper stk-block-column__content stk-container stk-c1263cf-container stk--no-background stk--no-padding\"><div class=\"has-text-align-center stk-block-content stk-inner-blocks stk-c1263cf-inner-blocks\">\n<div class=\"wp-block-stackable-heading stk-block-heading stk-block-heading--v2 stk-block stk-090a45f\" id=\"the-hunt\" data-block-id=\"090a45f\"><style>.stk-090a45f .stk-block-heading__text{font-weight:600 !important;font-family:\"Lato\",Sans-serif !important}<\/style><h2 class=\"stk-block-heading__text\">THE HUNT<\/h2><\/div>\n\n\n\n<h1 class=\"wp-block-heading\">Bouleversement Climatique et M\u00e9galopole<\/h1>\n\n\n\n<p>Il y a environ 400 ans la terre a subi un changement de son axe de rotation, s\u2019en sont suivis des bouleversements climatiques, rendant la survie sur terre tr\u00e8s complexe. Afin de survivre, les habitants restants des diff\u00e9rentes nations se sont rassembl\u00e9es en M\u00e9galopoles, sortes de ville titanesque, entour\u00e9e de murailles immenses et profitant de remparts technologiques permettant aux humains d\u2019y survivre sans redouter le nouveau comportement chaotique des \u00e9l\u00e9ments ext\u00e9rieurs.<\/p>\n\n\n\n<h1 class=\"wp-block-heading\">Neotopia<\/h1>\n\n\n\n<p>A l\u2019origine Neotopia est n\u00e9e du rassemblement des populations europ\u00e9ennes et des balkans apr\u00e8s le bouleversement climatique, ils se sont rassembl\u00e9s pour cr\u00e9er une M\u00e9galopole appel\u00e9e Neotopia, le besoin et l\u2019int\u00e9r\u00eat commun ont d\u00e9cid\u00e9 de rassembler les populations en fonctions de leur capacit\u00e9s et non de leur origines g\u00e9ographiques, et ce afin d\u2019\u00eatre les plus efficaces possibles pour aider la cause collective, cr\u00e9ant ainsi les secteurs.<\/p>\n\n\n\n<h2 class=\"wp-block-heading\">S\u00e9paration en secteur<\/h2>\n\n\n\n<p>Au moment de leur cr\u00e9ation il fallut d\u00e9cider o\u00f9 chaque communaut\u00e9 allait \u00eatre localis\u00e9e sur les territoires les moins inhospitaliers. Apr\u00e8s de longues palabres qui n&rsquo;aboutissaient pas, une id\u00e9e fut jet\u00e9e sur la table pour r\u00e9gler le conflit naissant: The Hunt. D\u2019abord r\u00e9vuls\u00e9 par cette id\u00e9e macabre, qui allait sacrifier d\u2019autres vies alors qu\u2019il en restait d\u00e9j\u00e0 si peu, ceux qui s&rsquo;\u00e9taient proclam\u00e9 dirigeants et dirigeantes du monde libre, finirent par voir les avantages de cette formule. Tous les secteurs devant y participer, l\u2019ordre des vainqueurs d\u00e9ciderait ainsi de ceux qui pourraient choisir l\u2019emplacement de leur secteur.&nbsp;<\/p>\n\n\n\n<h2 class=\"wp-block-heading\">Historique des jeux<\/h2>\n\n\n\n<p>Apr\u00e8s cette premi\u00e8re \u00e9dition, les jeux se r\u00e9p\u00e9t\u00e8rent \u00e0 chaque cycle, non seulement pour se rem\u00e9morer la n\u00e9cessit\u00e9 du bien commun et pourquoi les secteurs furent cr\u00e9\u00e9s, mais aussi car chaque ann\u00e9e ceux-ci donnaient l\u2019occasion aux nouveau vainqueurs d\u2019influer sur la balance de la r\u00e9partitions des biens communs (ressources, technologies, etc)<\/p>\n\n\n\n<div class=\"wp-block-stackable-button-group stk-block-button-group stk-block stk-dd6e8ab\" data-block-id=\"dd6e8ab\"><div class=\"stk-row stk-inner-blocks stk-block-content stk-button-group\">\n<div class=\"wp-block-stackable-button stk-block-button is-style-ghost stk-block stk-d9266ae\" data-block-id=\"d9266ae\"><style>.stk-d9266ae:hover{opacity:0.8 !important}.stk-d9266ae .stk-button{padding-right:24px !important;padding-left:24px !important;background:#ff6a0000 !important;border-top-left-radius:50px !important;border-top-right-radius:50px !important;border-bottom-right-radius:50px !important;border-bottom-left-radius:50px !important}.stk-d9266ae .stk-button:hover:after{background:transparent !important;opacity:1 !important}:where(.stk-hover-parent:hover,.stk-hover-parent.stk--is-hovered) .stk-d9266ae .stk-button:after{background:transparent !important;opacity:1 !important}.stk-d9266ae .stk-button:before{border-style:solid !important;border-color:#ff6900 !important}.stk-d9266ae .stk-button .stk--inner-svg svg:last-child,.stk-d9266ae .stk-button .stk--inner-svg svg:last-child :is(g,path,rect,polygon,ellipse){fill:#7bdcb5 !important}.stk-d9266ae .stk-button__inner-text{color:#ff6900 !important}<\/style><a class=\"stk-link stk-button stk--hover-effect-darken\" href=\"\"><span class=\"has-text-color has-black-color stk-button__inner-text\">La note d&rsquo;intention compl\u00e8te<\/span><\/a><\/div>\n<\/div><\/div>\n<\/div><\/div><\/div>\n\n\n\n<div class=\"wp-block-stackable-column stk-block-column stk-column stk-block stk-c18f9dd\" data-v=\"4\" data-block-id=\"c18f9dd\"><style>.stk-c18f9dd{align-self:center !important}<\/style><div class=\"stk-column-wrapper stk-block-column__content stk-container stk-c18f9dd-container stk--no-background stk--no-padding\"><div class=\"stk-block-content stk-inner-blocks stk-c18f9dd-inner-blocks\">\n<div class=\"wp-block-stackable-image stk-block-image stk-block stk-9193d92\" data-block-id=\"9193d92\"><figure><span class=\"stk-img-wrapper stk-image--shape-stretch\"><img loading=\"lazy\" decoding=\"async\" class=\"stk-img\" src=\"https:\/\/i.pinimg.com\/originals\/5a\/3f\/d2\/5a3fd214df793af962038a593b1ce132.jpg\" width=\"150\" height=\"300\"\/><\/span><\/figure><\/div>\n\n\n\n<div class=\"wp-block-stackable-image stk-block-image stk-block stk-2b2ae4c\" data-block-id=\"2b2ae4c\"><figure><span class=\"stk-img-wrapper stk-image--shape-stretch\"><img loading=\"lazy\" decoding=\"async\" class=\"stk-img\" src=\"https:\/\/cdna.artstation.com\/p\/assets\/images\/images\/043\/577\/108\/large\/tarmo-juhola-brutallobbyv2.jpg?1637674472\" width=\"150\" height=\"300\"\/><\/span><\/figure><\/div>\n\n\n\n<div class=\"wp-block-stackable-image stk-block-image stk-block stk-69390b6\" data-block-id=\"69390b6\"><figure><span class=\"stk-img-wrapper stk-image--shape-stretch\"><img loading=\"lazy\" decoding=\"async\" class=\"stk-img\" src=\"https:\/\/cdna.artstation.com\/p\/assets\/images\/images\/057\/518\/006\/large\/huleeb-1077-23-dec-2022-final.jpg?1671808025\" width=\"150\" height=\"300\"\/><\/span><\/figure><\/div>\n<\/div><\/div><\/div>\n<\/div><\/div><\/div>\n","protected":false},"excerpt":{"rendered":"<p>THE HUNT Bouleversement Climatique et M\u00e9galopole Il y a environ 400 ans la terre a subi un changement de son axe de rotation, s\u2019en sont suivis des bouleversements climatiques, rendant la survie sur terre tr\u00e8s complexe. Afin de survivre, les habitants restants des diff\u00e9rentes nations se sont rassembl\u00e9es en M\u00e9galopoles, sortes de ville titanesque, entour\u00e9e<\/p><\/div>\n<div class=\"blog-btn\"><a href=\"https:\/\/www.the-hunt-larp.be\/?page_id=53\" class=\"home-blog-btn\">Read More<\/a><\/p>\n","protected":false},"author":1,"featured_media":0,"parent":0,"menu_order":0,"comment_status":"closed","ping_status":"closed","template":"","meta":{"editor_plus_copied_stylings":"{}","footnotes":""},"featured_image_urls":{"full":"","thumbnail":"","medium":"","medium_large":"","large":"","1536x1536":"","2048x2048":""},"post_excerpt_stackable":"<p>THE HUNT Bouleversement Climatique et M\u00e9galopole Il y a environ 400 ans la terre a subi un changement de son axe de rotation, s\u2019en sont suivis des bouleversements climatiques, rendant la survie sur terre tr\u00e8s complexe. Afin de survivre, les habitants restants des diff\u00e9rentes nations se sont rassembl\u00e9es en M\u00e9galopoles, sortes de ville titanesque, entour\u00e9e de murailles immenses et profitant de remparts technologiques permettant aux humains d\u2019y survivre sans redouter le nouveau comportement chaotique des \u00e9l\u00e9ments ext\u00e9rieurs. Neotopia A l\u2019origine Neotopia est n\u00e9e du rassemblement des populations europ\u00e9ennes et des balkans apr\u00e8s le bouleversement climatique, ils se sont rassembl\u00e9s pour&hellip;<\/p>\n","category_list":"","author_info":{"name":"Admin","url":"https:\/\/www.the-hunt-larp.be\/?author=1"},"comments_num":"0 comments","_links":{"self":[{"href":"https:\/\/www.the-hunt-larp.be\/index.php?rest_route=\/wp\/v2\/pages\/53"}],"collection":[{"href":"https:\/\/www.the-hunt-larp.be\/index.php?rest_route=\/wp\/v2\/pages"}],"about":[{"href":"https:\/\/www.the-hunt-larp.be\/index.php?rest_route=\/wp\/v2\/types\/page"}],"author":[{"embeddable":true,"href":"https:\/\/www.the-hunt-larp.be\/index.php?rest_route=\/wp\/v2\/users\/1"}],"replies":[{"embeddable":true,"href":"https:\/\/www.the-hunt-larp.be\/index.php?rest_route=%2Fwp%2Fv2%2Fcomments&post=53"}],"version-history":[{"count":5,"href":"https:\/\/www.the-hunt-larp.be\/index.php?rest_route=\/wp\/v2\/pages\/53\/revisions"}],"predecessor-version":[{"id":93,"href":"https:\/\/www.the-hunt-larp.be\/index.php?rest_route=\/wp\/v2\/pages\/53\/revisions\/93"}],"wp:attachment":[{"href":"https:\/\/www.the-hunt-larp.be\/index.php?rest_route=%2Fwp%2Fv2%2Fmedia&parent=53"}],"curies":[{"name":"wp","href":"https:\/\/api.w.org\/{rel}","templated":true}]}}